{"id":25099,"date":"2021-08-18T14:00:39","date_gmt":"2021-08-18T17:00:39","guid":{"rendered":"https:\/\/saladoempreendedor.santarosa.rs.gov.br\/?page_id=25099"},"modified":"2023-09-15T13:45:18","modified_gmt":"2023-09-15T16:45:18","slug":"formalizar-empresa","status":"publish","type":"page","link":"https:\/\/saladoempreendedor.santarosa.rs.gov.br\/index.php\/formalizar\/formalizar-empresa\/","title":{"rendered":"Quero formalizar Empresa"},"content":{"rendered":"\t\t<div data-elementor-type=\"wp-page\" data-elementor-id=\"25099\" class=\"elementor elementor-25099\">\n\t\t\t\t\t\t<section class=\"elementor-section elementor-top-section elementor-element elementor-element-9b3224f elementor-section-boxed elementor-section-height-default elementor-section-height-default\" data-id=\"9b3224f\" data-element_type=\"section\">\n\t\t\t\t\t\t<div class=\"elementor-container elementor-column-gap-default\">\n\t\t\t\t\t<div class=\"elementor-column elementor-col-100 elementor-top-column elementor-element elementor-element-4ddb7ef\" data-id=\"4ddb7ef\" data-element_type=\"column\">\n\t\t\t<div class=\"elementor-widget-wrap elementor-element-populated\">\n\t\t\t\t\t\t<div class=\"elementor-element elementor-element-60a14c9 elementor-widget elementor-widget-spacer\" data-id=\"60a14c9\" data-element_type=\"widget\" data-widget_type=\"spacer.default\">\n\t\t\t\t<div class=\"elementor-widget-container\">\n\t\t\t\t\t\t\t<div class=\"elementor-spacer\">\n\t\t\t<div class=\"elementor-spacer-inner\"><\/div>\n\t\t<\/div>\n\t\t\t\t\t\t<\/div>\n\t\t\t\t<\/div>\n\t\t\t\t<div class=\"elementor-element elementor-element-d8c2e21 elementor-widget elementor-widget-heading\" data-id=\"d8c2e21\" data-element_type=\"widget\" data-widget_type=\"heading.default\">\n\t\t\t\t<div class=\"elementor-widget-container\">\n\t\t\t\t\t<h2 class=\"elementor-heading-title elementor-size-default\">Quero formalizar Empresa<\/h2>\t\t\t\t<\/div>\n\t\t\t\t<\/div>\n\t\t\t\t<section class=\"elementor-section elementor-inner-section elementor-element elementor-element-af487a9 elementor-section-boxed elementor-section-height-default elementor-section-height-default\" data-id=\"af487a9\" data-element_type=\"section\">\n\t\t\t\t\t\t<div class=\"elementor-container elementor-column-gap-default\">\n\t\t\t\t\t<div class=\"elementor-column elementor-col-33 elementor-inner-column elementor-element elementor-element-d6c54ea\" data-id=\"d6c54ea\" data-element_type=\"column\" data-settings=\"{&quot;background_background&quot;:&quot;classic&quot;}\">\n\t\t\t<div class=\"elementor-widget-wrap elementor-element-populated\">\n\t\t\t\t\t\t<div class=\"elementor-element elementor-element-3ddafcd elementor-view-default elementor-widget elementor-widget-icon\" data-id=\"3ddafcd\" data-element_type=\"widget\" data-widget_type=\"icon.default\">\n\t\t\t\t<div class=\"elementor-widget-container\">\n\t\t\t\t\t\t\t<div class=\"elementor-icon-wrapper\">\n\t\t\t<a class=\"elementor-icon\" href=\"https:\/\/portalservicos.jucisrs.rs.gov.br\/auth\/realms\/Portalservicos\/protocol\/openid-connect\/auth?response_type=code&#038;client_id=viabilidade&#038;redirect_uri=https%3A%2F%2Fportalservicos.jucisrs.rs.gov.br%2Fviabilidade%2Fpages%2FprincipalColeta.jsf&#038;state=513265%2F043fd985-2452-4633-90c9-75a973803f31&#038;login=true\" target=\"_blank\">\n\t\t\t<i aria-hidden=\"true\" class=\"fas fa-info-circle\"><\/i>\t\t\t<\/a>\n\t\t<\/div>\n\t\t\t\t\t\t<\/div>\n\t\t\t\t<\/div>\n\t\t\t\t<div class=\"elementor-element elementor-element-8b0e851 elementor-widget elementor-widget-heading\" data-id=\"8b0e851\" data-element_type=\"widget\" data-widget_type=\"heading.default\">\n\t\t\t\t<div class=\"elementor-widget-container\">\n\t\t\t\t\t<h2 class=\"elementor-heading-title elementor-size-default\"><a href=\"http:\/\/portalservicos.jucisrs.rs.gov.br\/viabilidade\" target=\"_blank\">Consulta de viabilidade<\/a><\/h2>\t\t\t\t<\/div>\n\t\t\t\t<\/div>\n\t\t\t\t\t<\/div>\n\t\t<\/div>\n\t\t\t\t<div class=\"elementor-column elementor-col-33 elementor-inner-column elementor-element elementor-element-d7dbcf2\" data-id=\"d7dbcf2\" data-element_type=\"column\" data-settings=\"{&quot;background_background&quot;:&quot;classic&quot;}\">\n\t\t\t<div class=\"elementor-widget-wrap elementor-element-populated\">\n\t\t\t\t\t\t<div class=\"elementor-element elementor-element-e813dc6 elementor-view-default elementor-widget elementor-widget-icon\" data-id=\"e813dc6\" data-element_type=\"widget\" data-widget_type=\"icon.default\">\n\t\t\t\t<div class=\"elementor-widget-container\">\n\t\t\t\t\t\t\t<div class=\"elementor-icon-wrapper\">\n\t\t\t<a class=\"elementor-icon\" href=\"https:\/\/sisbom.cbm.rs.gov.br\/msci\/\" target=\"_blank\">\n\t\t\t<i aria-hidden=\"true\" class=\"fas fa-dumpster-fire\"><\/i>\t\t\t<\/a>\n\t\t<\/div>\n\t\t\t\t\t\t<\/div>\n\t\t\t\t<\/div>\n\t\t\t\t<div class=\"elementor-element elementor-element-e6ffadb elementor-widget elementor-widget-heading\" data-id=\"e6ffadb\" data-element_type=\"widget\" data-widget_type=\"heading.default\">\n\t\t\t\t<div class=\"elementor-widget-container\">\n\t\t\t\t\t<h2 class=\"elementor-heading-title elementor-size-default\"><a href=\"https:\/\/sisbom.cbm.rs.gov.br\/msci\/\" target=\"_blank\">Licenciamento de Bombeiros<\/a><\/h2>\t\t\t\t<\/div>\n\t\t\t\t<\/div>\n\t\t\t\t\t<\/div>\n\t\t<\/div>\n\t\t\t\t<div class=\"elementor-column elementor-col-33 elementor-inner-column elementor-element elementor-element-08a3b96\" data-id=\"08a3b96\" data-element_type=\"column\" data-settings=\"{&quot;background_background&quot;:&quot;classic&quot;}\">\n\t\t\t<div class=\"elementor-widget-wrap elementor-element-populated\">\n\t\t\t\t\t\t<div class=\"elementor-element elementor-element-61a02a2 elementor-view-default elementor-widget elementor-widget-icon\" data-id=\"61a02a2\" data-element_type=\"widget\" data-widget_type=\"icon.default\">\n\t\t\t\t<div class=\"elementor-widget-container\">\n\t\t\t\t\t\t\t<div class=\"elementor-icon-wrapper\">\n\t\t\t<a class=\"elementor-icon\" href=\"https:\/\/jucisrs.rs.gov.br\/abertura-de-empresas\" target=\"_blank\">\n\t\t\t<i aria-hidden=\"true\" class=\"fas fa-city\"><\/i>\t\t\t<\/a>\n\t\t<\/div>\n\t\t\t\t\t\t<\/div>\n\t\t\t\t<\/div>\n\t\t\t\t<div class=\"elementor-element elementor-element-9560629 elementor-widget elementor-widget-heading\" data-id=\"9560629\" data-element_type=\"widget\" data-widget_type=\"heading.default\">\n\t\t\t\t<div class=\"elementor-widget-container\">\n\t\t\t\t\t<h2 class=\"elementor-heading-title elementor-size-default\"><a href=\"https:\/\/jucisrs.rs.gov.br\/abertura-de-empresas\" target=\"_blank\">Abertura de empresa<\/a><\/h2>\t\t\t\t<\/div>\n\t\t\t\t<\/div>\n\t\t\t\t\t<\/div>\n\t\t<\/div>\n\t\t\t\t\t<\/div>\n\t\t<\/section>\n\t\t\t\t<section class=\"elementor-section elementor-inner-section elementor-element elementor-element-27001c0 elementor-section-boxed elementor-section-height-default elementor-section-height-default\" data-id=\"27001c0\" data-element_type=\"section\">\n\t\t\t\t\t\t<div class=\"elementor-container elementor-column-gap-default\">\n\t\t\t\t\t<div class=\"elementor-column elementor-col-33 elementor-inner-column elementor-element elementor-element-d67b9ca\" data-id=\"d67b9ca\" data-element_type=\"column\" data-settings=\"{&quot;background_background&quot;:&quot;classic&quot;}\">\n\t\t\t<div class=\"elementor-widget-wrap elementor-element-populated\">\n\t\t\t\t\t\t<div class=\"elementor-element elementor-element-f03f3f8 elementor-view-default elementor-widget elementor-widget-icon\" data-id=\"f03f3f8\" data-element_type=\"widget\" data-widget_type=\"icon.default\">\n\t\t\t\t<div class=\"elementor-widget-container\">\n\t\t\t\t\t\t\t<div class=\"elementor-icon-wrapper\">\n\t\t\t<a class=\"elementor-icon\" href=\"https:\/\/portalservicos.jucisrs.rs.gov.br\/auth\/realms\/Portalservicos\/protocol\/openid-connect\/auth?response_type=code&#038;client_id=portalexterno&#038;redirect_uri=https%3A%2F%2Fportalservicos.jucisrs.rs.gov.br%2FPortal%2Fpages%2Fprincipal.jsf&#038;state=171546%2F8b7d612c-9510-4880-bf69-26b36c16c721&#038;login=true\" target=\"_blank\">\n\t\t\t<i aria-hidden=\"true\" class=\"fas fa-list-alt\"><\/i>\t\t\t<\/a>\n\t\t<\/div>\n\t\t\t\t\t\t<\/div>\n\t\t\t\t<\/div>\n\t\t\t\t<div class=\"elementor-element elementor-element-b2167b1 elementor-widget elementor-widget-heading\" data-id=\"b2167b1\" data-element_type=\"widget\" data-widget_type=\"heading.default\">\n\t\t\t\t<div class=\"elementor-widget-container\">\n\t\t\t\t\t<h2 class=\"elementor-heading-title elementor-size-default\"><a href=\"https:\/\/www.sefaz.rs.gov.br\/consultas\/contribuinte\" target=\"_blank\">Licenciamento de Empresa\nInscri\u00e7\u00e3o estadual<\/a><\/h2>\t\t\t\t<\/div>\n\t\t\t\t<\/div>\n\t\t\t\t\t<\/div>\n\t\t<\/div>\n\t\t\t\t<div class=\"elementor-column elementor-col-33 elementor-inner-column elementor-element elementor-element-ca0d3cc\" data-id=\"ca0d3cc\" data-element_type=\"column\" data-settings=\"{&quot;background_background&quot;:&quot;classic&quot;}\">\n\t\t\t<div class=\"elementor-widget-wrap elementor-element-populated\">\n\t\t\t\t\t\t<div class=\"elementor-element elementor-element-d09521c elementor-view-default elementor-widget elementor-widget-icon\" data-id=\"d09521c\" data-element_type=\"widget\" data-widget_type=\"icon.default\">\n\t\t\t\t<div class=\"elementor-widget-container\">\n\t\t\t\t\t\t\t<div class=\"elementor-icon-wrapper\">\n\t\t\t<a class=\"elementor-icon\" href=\"https:\/\/prefeitura.santarosa.rs.gov.br\/?page_id=2393\" target=\"_blank\">\n\t\t\t<i aria-hidden=\"true\" class=\"fas fa-recycle\"><\/i>\t\t\t<\/a>\n\t\t<\/div>\n\t\t\t\t\t\t<\/div>\n\t\t\t\t<\/div>\n\t\t\t\t<div class=\"elementor-element elementor-element-1011121 elementor-widget elementor-widget-heading\" data-id=\"1011121\" data-element_type=\"widget\" data-widget_type=\"heading.default\">\n\t\t\t\t<div class=\"elementor-widget-container\">\n\t\t\t\t\t<h2 class=\"elementor-heading-title elementor-size-default\"><a href=\"https:\/\/prefeitura.santarosa.rs.gov.br\/?page_id=2393\" target=\"_blank\">Licenciamento Ambiental<\/a><\/h2>\t\t\t\t<\/div>\n\t\t\t\t<\/div>\n\t\t\t\t\t<\/div>\n\t\t<\/div>\n\t\t\t\t<div class=\"elementor-column elementor-col-33 elementor-inner-column elementor-element elementor-element-2826d7b\" data-id=\"2826d7b\" data-element_type=\"column\" data-settings=\"{&quot;background_background&quot;:&quot;classic&quot;}\">\n\t\t\t<div class=\"elementor-widget-wrap elementor-element-populated\">\n\t\t\t\t\t\t<div class=\"elementor-element elementor-element-5a8f3d3 elementor-view-default elementor-widget elementor-widget-icon\" data-id=\"5a8f3d3\" data-element_type=\"widget\" data-widget_type=\"icon.default\">\n\t\t\t\t<div class=\"elementor-widget-container\">\n\t\t\t\t\t\t\t<div class=\"elementor-icon-wrapper\">\n\t\t\t<a class=\"elementor-icon\" href=\"https:\/\/saladoempreendedor.santarosa.rs.gov.br\/index.php\/formalizar\/formalizar-empresa\/formalize-seu-cnpj-junto-a-prefeitura\/\">\n\t\t\t<i aria-hidden=\"true\" class=\"fas fa-list-alt\"><\/i>\t\t\t<\/a>\n\t\t<\/div>\n\t\t\t\t\t\t<\/div>\n\t\t\t\t<\/div>\n\t\t\t\t<div class=\"elementor-element elementor-element-70997a1 elementor-widget elementor-widget-heading\" data-id=\"70997a1\" data-element_type=\"widget\" data-widget_type=\"heading.default\">\n\t\t\t\t<div class=\"elementor-widget-container\">\n\t\t\t\t\t<h2 class=\"elementor-heading-title elementor-size-default\"><a href=\"https:\/\/saladoempreendedor.santarosa.rs.gov.br\/index.php\/formalizar\/formalizar-empresa\/formalize-seu-cnpj-junto-a-prefeitura\/\">Formaliza\u00e7\u00e3o junto a Prefeitura<\/a><\/h2>\t\t\t\t<\/div>\n\t\t\t\t<\/div>\n\t\t\t\t\t<\/div>\n\t\t<\/div>\n\t\t\t\t\t<\/div>\n\t\t<\/section>\n\t\t\t\t\t<\/div>\n\t\t<\/div>\n\t\t\t\t\t<\/div>\n\t\t<\/section>\n\t\t\t\t<section class=\"elementor-section elementor-top-section elementor-element elementor-element-8f20483 elementor-section-boxed elementor-section-height-default elementor-section-height-default\" data-id=\"8f20483\" data-element_type=\"section\">\n\t\t\t\t\t\t<div class=\"elementor-container elementor-column-gap-default\">\n\t\t\t\t\t<div class=\"elementor-column elementor-col-100 elementor-top-column elementor-element elementor-element-9983adc\" data-id=\"9983adc\" data-element_type=\"column\">\n\t\t\t<div class=\"elementor-widget-wrap elementor-element-populated\">\n\t\t\t\t\t\t<div class=\"elementor-element elementor-element-269d446 elementor-widget elementor-widget-spacer\" data-id=\"269d446\" data-element_type=\"widget\" data-widget_type=\"spacer.default\">\n\t\t\t\t<div class=\"elementor-widget-container\">\n\t\t\t\t\t\t\t<div class=\"elementor-spacer\">\n\t\t\t<div class=\"elementor-spacer-inner\"><\/div>\n\t\t<\/div>\n\t\t\t\t\t\t<\/div>\n\t\t\t\t<\/div>\n\t\t\t\t\t<\/div>\n\t\t<\/div>\n\t\t\t\t\t<\/div>\n\t\t<\/section>\n\t\t\t\t<\/div>\n\t\t","protected":false},"excerpt":{"rendered":"<p>Quero formalizar Empresa Consulta de viabilidade Licenciamento de Bombeiros Abertura de empresa Licenciamento de Empresa Inscri\u00e7\u00e3o estadual Licenciamento Ambiental Formaliza\u00e7\u00e3o junto a Prefeitura<\/p>\n","protected":false},"author":1,"featured_media":0,"parent":25077,"menu_order":1,"comment_status":"closed","ping_status":"closed","template":"","meta":{"_uag_custom_page_level_css":"","site-sidebar-layout":"no-sidebar","site-content-layout":"page-builder","ast-main-header-display":"","ast-hfb-above-header-display":"","ast-hfb-mobile-header-display":"","site-post-title":"disabled","ast-breadcrumbs-content":"","ast-featured-img":"disabled","footer-sml-layout":"","theme-transparent-header-meta":"default","adv-header-id-meta":"","stick-header-meta":"","header-above-stick-meta":"","header-main-stick-meta":"","header-below-stick-meta":"","footnotes":""},"class_list":["post-25099","page","type-page","status-publish","hentry"],"uagb_featured_image_src":{"full":false,"thumbnail":false,"medium":false,"medium_large":false,"large":false,"1536x1536":false,"2048x2048":false,"woocommerce_thumbnail":false,"woocommerce_single":false,"woocommerce_gallery_thumbnail":false},"uagb_author_info":{"display_name":"admin","author_link":"https:\/\/saladoempreendedor.santarosa.rs.gov.br\/index.php\/author\/admin\/"},"uagb_comment_info":0,"uagb_excerpt":"Quero formalizar Empresa Consulta de viabilidade Licenciamento de Bombeiros Abertura de empresa Licenciamento de Empresa Inscri\u00e7\u00e3o estadual Licenciamento Ambiental Formaliza\u00e7\u00e3o junto a Prefeitura","_links":{"self":[{"href":"https:\/\/saladoempreendedor.santarosa.rs.gov.br\/index.php\/wp-json\/wp\/v2\/pages\/25099","targetHints":{"allow":["GET"]}}],"collection":[{"href":"https:\/\/saladoempreendedor.santarosa.rs.gov.br\/index.php\/wp-json\/wp\/v2\/pages"}],"about":[{"href":"https:\/\/saladoempreendedor.santarosa.rs.gov.br\/index.php\/wp-json\/wp\/v2\/types\/page"}],"author":[{"embeddable":true,"href":"https:\/\/saladoempreendedor.santarosa.rs.gov.br\/index.php\/wp-json\/wp\/v2\/users\/1"}],"replies":[{"embeddable":true,"href":"https:\/\/saladoempreendedor.santarosa.rs.gov.br\/index.php\/wp-json\/wp\/v2\/comments?post=25099"}],"version-history":[{"count":75,"href":"https:\/\/saladoempreendedor.santarosa.rs.gov.br\/index.php\/wp-json\/wp\/v2\/pages\/25099\/revisions"}],"predecessor-version":[{"id":27700,"href":"https:\/\/saladoempreendedor.santarosa.rs.gov.br\/index.php\/wp-json\/wp\/v2\/pages\/25099\/revisions\/27700"}],"up":[{"embeddable":true,"href":"https:\/\/saladoempreendedor.santarosa.rs.gov.br\/index.php\/wp-json\/wp\/v2\/pages\/25077"}],"wp:attachment":[{"href":"https:\/\/saladoempreendedor.santarosa.rs.gov.br\/index.php\/wp-json\/wp\/v2\/media?parent=25099"}],"curies":[{"name":"wp","href":"https:\/\/api.w.org\/{rel}","templated":true}]}}