{"id":25148,"date":"2021-08-20T07:54:32","date_gmt":"2021-08-20T10:54:32","guid":{"rendered":"https:\/\/saladoempreendedor.santarosa.rs.gov.br\/?page_id=25148"},"modified":"2022-02-03T14:08:30","modified_gmt":"2022-02-03T17:08:30","slug":"credito","status":"publish","type":"page","link":"https:\/\/saladoempreendedor.santarosa.rs.gov.br\/index.php\/credito\/","title":{"rendered":"Necessito de cr\u00e9dito"},"content":{"rendered":"\t\t<div data-elementor-type=\"wp-page\" data-elementor-id=\"25148\" class=\"elementor elementor-25148\">\n\t\t\t\t\t\t<section class=\"elementor-section elementor-top-section elementor-element elementor-element-dad8941 elementor-section-boxed elementor-section-height-default elementor-section-height-default\" data-id=\"dad8941\" data-element_type=\"section\">\n\t\t\t\t\t\t<div class=\"elementor-container elementor-column-gap-default\">\n\t\t\t\t\t<div class=\"elementor-column elementor-col-100 elementor-top-column elementor-element elementor-element-a085cdc\" data-id=\"a085cdc\" data-element_type=\"column\">\n\t\t\t<div class=\"elementor-widget-wrap elementor-element-populated\">\n\t\t\t\t\t\t<div class=\"elementor-element elementor-element-10040cd elementor-widget elementor-widget-spacer\" data-id=\"10040cd\" data-element_type=\"widget\" data-widget_type=\"spacer.default\">\n\t\t\t\t<div class=\"elementor-widget-container\">\n\t\t\t\t\t\t\t<div class=\"elementor-spacer\">\n\t\t\t<div class=\"elementor-spacer-inner\"><\/div>\n\t\t<\/div>\n\t\t\t\t\t\t<\/div>\n\t\t\t\t<\/div>\n\t\t\t\t\t<\/div>\n\t\t<\/div>\n\t\t\t\t\t<\/div>\n\t\t<\/section>\n\t\t\t\t<section class=\"elementor-section elementor-top-section elementor-element elementor-element-ad5852e elementor-section-boxed elementor-section-height-default elementor-section-height-default\" data-id=\"ad5852e\" data-element_type=\"section\">\n\t\t\t\t\t\t<div class=\"elementor-container elementor-column-gap-default\">\n\t\t\t\t\t<div class=\"elementor-column elementor-col-100 elementor-top-column elementor-element elementor-element-94b6d14\" data-id=\"94b6d14\" data-element_type=\"column\">\n\t\t\t<div class=\"elementor-widget-wrap elementor-element-populated\">\n\t\t\t\t\t\t<div class=\"elementor-element elementor-element-1daf2c4 elementor-widget elementor-widget-heading\" data-id=\"1daf2c4\" data-element_type=\"widget\" data-widget_type=\"heading.default\">\n\t\t\t\t<div class=\"elementor-widget-container\">\n\t\t\t\t\t<h2 class=\"elementor-heading-title elementor-size-default\">Necessito de cr\u00e9dito<\/h2>\t\t\t\t<\/div>\n\t\t\t\t<\/div>\n\t\t\t\t\t<\/div>\n\t\t<\/div>\n\t\t\t\t\t<\/div>\n\t\t<\/section>\n\t\t\t\t<section class=\"elementor-section elementor-top-section elementor-element elementor-element-ba29f2c elementor-section-boxed elementor-section-height-default elementor-section-height-default\" data-id=\"ba29f2c\" data-element_type=\"section\">\n\t\t\t\t\t\t<div class=\"elementor-container elementor-column-gap-default\">\n\t\t\t\t\t<div class=\"elementor-column elementor-col-33 elementor-top-column elementor-element elementor-element-fad11a3\" data-id=\"fad11a3\" data-element_type=\"column\" data-settings=\"{&quot;background_background&quot;:&quot;classic&quot;}\">\n\t\t\t<div class=\"elementor-widget-wrap elementor-element-populated\">\n\t\t\t\t\t\t<div class=\"elementor-element elementor-element-e1e6b26 elementor-view-default elementor-widget elementor-widget-icon\" data-id=\"e1e6b26\" data-element_type=\"widget\" data-widget_type=\"icon.default\">\n\t\t\t\t<div class=\"elementor-widget-container\">\n\t\t\t\t\t\t\t<div class=\"elementor-icon-wrapper\">\n\t\t\t<a class=\"elementor-icon elementor-animation-shrink\" href=\"https:\/\/saladoempreendedor.santarosa.rs.gov.br\/index.php\/programa-desenvolver\/\">\n\t\t\t<i aria-hidden=\"true\" class=\"fas fa-file-invoice-dollar\"><\/i>\t\t\t<\/a>\n\t\t<\/div>\n\t\t\t\t\t\t<\/div>\n\t\t\t\t<\/div>\n\t\t\t\t<div class=\"elementor-element elementor-element-f09a44c elementor-widget elementor-widget-heading\" data-id=\"f09a44c\" data-element_type=\"widget\" data-widget_type=\"heading.default\">\n\t\t\t\t<div class=\"elementor-widget-container\">\n\t\t\t\t\t<h2 class=\"elementor-heading-title elementor-size-default\"><a href=\"https:\/\/saladoempreendedor.santarosa.rs.gov.br\/index.php\/programa-desenvolver\/\">Programa desenvolver<\/a><\/h2>\t\t\t\t<\/div>\n\t\t\t\t<\/div>\n\t\t\t\t<div class=\"elementor-element elementor-element-fe398bb elementor-widget elementor-widget-text-editor\" data-id=\"fe398bb\" data-element_type=\"widget\" data-widget_type=\"text-editor.default\">\n\t\t\t\t<div class=\"elementor-widget-container\">\n\t\t\t\t\t\t\t\t\t<p>Conhe\u00e7a o programa de financiamento e incentivo oferecido pela Prefeitura Municipal de Santa Rosa\/RS.<\/p>\t\t\t\t\t\t\t\t<\/div>\n\t\t\t\t<\/div>\n\t\t\t\t\t<\/div>\n\t\t<\/div>\n\t\t\t\t<div class=\"elementor-column elementor-col-33 elementor-top-column elementor-element elementor-element-6913803\" data-id=\"6913803\" data-element_type=\"column\" data-settings=\"{&quot;background_background&quot;:&quot;classic&quot;}\">\n\t\t\t<div class=\"elementor-widget-wrap elementor-element-populated\">\n\t\t\t\t\t\t<div class=\"elementor-element elementor-element-20cc9ae elementor-view-default elementor-widget elementor-widget-icon\" data-id=\"20cc9ae\" data-element_type=\"widget\" data-widget_type=\"icon.default\">\n\t\t\t\t<div class=\"elementor-widget-container\">\n\t\t\t\t\t\t\t<div class=\"elementor-icon-wrapper\">\n\t\t\t<a class=\"elementor-icon elementor-animation-shrink\" href=\"https:\/\/saladoempreendedor.santarosa.rs.gov.br\/index.php\/programa-juro-zero\/\">\n\t\t\t<i aria-hidden=\"true\" class=\"fas fa-file-invoice-dollar\"><\/i>\t\t\t<\/a>\n\t\t<\/div>\n\t\t\t\t\t\t<\/div>\n\t\t\t\t<\/div>\n\t\t\t\t<div class=\"elementor-element elementor-element-dc2c0d2 elementor-widget elementor-widget-heading\" data-id=\"dc2c0d2\" data-element_type=\"widget\" data-widget_type=\"heading.default\">\n\t\t\t\t<div class=\"elementor-widget-container\">\n\t\t\t\t\t<h2 class=\"elementor-heading-title elementor-size-default\"><a href=\"https:\/\/saladoempreendedor.santarosa.rs.gov.br\/index.php\/programa-juro-zero\/\">Programa <br>Juro Zero<\/a><\/h2>\t\t\t\t<\/div>\n\t\t\t\t<\/div>\n\t\t\t\t<div class=\"elementor-element elementor-element-a692e0b elementor-widget elementor-widget-text-editor\" data-id=\"a692e0b\" data-element_type=\"widget\" data-widget_type=\"text-editor.default\">\n\t\t\t\t<div class=\"elementor-widget-container\">\n\t\t\t\t\t\t\t\t\t<p>Conhe\u00e7a o programa de financiamento e incentivo oferecido pelo Governo do Estado do RS.<\/p>\t\t\t\t\t\t\t\t<\/div>\n\t\t\t\t<\/div>\n\t\t\t\t\t<\/div>\n\t\t<\/div>\n\t\t\t\t<div class=\"elementor-column elementor-col-33 elementor-top-column elementor-element elementor-element-9af42ef\" data-id=\"9af42ef\" data-element_type=\"column\" data-settings=\"{&quot;background_background&quot;:&quot;classic&quot;}\">\n\t\t\t<div class=\"elementor-widget-wrap elementor-element-populated\">\n\t\t\t\t\t\t<div class=\"elementor-element elementor-element-57cb085 elementor-view-default elementor-widget elementor-widget-icon\" data-id=\"57cb085\" data-element_type=\"widget\" data-widget_type=\"icon.default\">\n\t\t\t\t<div class=\"elementor-widget-container\">\n\t\t\t\t\t\t\t<div class=\"elementor-icon-wrapper\">\n\t\t\t<a class=\"elementor-icon elementor-animation-shrink\" href=\"https:\/\/saladoempreendedor.santarosa.rs.gov.br\/index.php\/credito\/linhas-de-credito-em-bancos-comerciais\/\">\n\t\t\t<i aria-hidden=\"true\" class=\"fas fa-file-invoice-dollar\"><\/i>\t\t\t<\/a>\n\t\t<\/div>\n\t\t\t\t\t\t<\/div>\n\t\t\t\t<\/div>\n\t\t\t\t<div class=\"elementor-element elementor-element-9d7c6c2 elementor-widget elementor-widget-heading\" data-id=\"9d7c6c2\" data-element_type=\"widget\" data-widget_type=\"heading.default\">\n\t\t\t\t<div class=\"elementor-widget-container\">\n\t\t\t\t\t<h2 class=\"elementor-heading-title elementor-size-default\"><a href=\"https:\/\/saladoempreendedor.santarosa.rs.gov.br\/index.php\/credito\/linhas-de-credito-em-bancos-comerciais\/\">Linhas de cr\u00e9dito em bancos comerciais<\/a><\/h2>\t\t\t\t<\/div>\n\t\t\t\t<\/div>\n\t\t\t\t<div class=\"elementor-element elementor-element-5eb087c elementor-widget elementor-widget-text-editor\" data-id=\"5eb087c\" data-element_type=\"widget\" data-widget_type=\"text-editor.default\">\n\t\t\t\t<div class=\"elementor-widget-container\">\n\t\t\t\t\t\t\t\t\t<p>Conhe\u00e7a o programa de financiamento de outras institui\u00e7\u00f5es banc\u00e1rias.<\/p>\t\t\t\t\t\t\t\t<\/div>\n\t\t\t\t<\/div>\n\t\t\t\t\t<\/div>\n\t\t<\/div>\n\t\t\t\t\t<\/div>\n\t\t<\/section>\n\t\t\t\t<section class=\"elementor-section elementor-top-section elementor-element elementor-element-2408315 elementor-section-boxed elementor-section-height-default elementor-section-height-default\" data-id=\"2408315\" data-element_type=\"section\">\n\t\t\t\t\t\t<div class=\"elementor-container elementor-column-gap-default\">\n\t\t\t\t\t<div class=\"elementor-column elementor-col-100 elementor-top-column elementor-element elementor-element-ad9be0f\" data-id=\"ad9be0f\" data-element_type=\"column\">\n\t\t\t<div class=\"elementor-widget-wrap elementor-element-populated\">\n\t\t\t\t\t\t<div class=\"elementor-element elementor-element-be23ce6 elementor-widget elementor-widget-spacer\" data-id=\"be23ce6\" data-element_type=\"widget\" data-widget_type=\"spacer.default\">\n\t\t\t\t<div class=\"elementor-widget-container\">\n\t\t\t\t\t\t\t<div class=\"elementor-spacer\">\n\t\t\t<div class=\"elementor-spacer-inner\"><\/div>\n\t\t<\/div>\n\t\t\t\t\t\t<\/div>\n\t\t\t\t<\/div>\n\t\t\t\t\t<\/div>\n\t\t<\/div>\n\t\t\t\t\t<\/div>\n\t\t<\/section>\n\t\t\t\t<\/div>\n\t\t","protected":false},"excerpt":{"rendered":"<p>Necessito de cr\u00e9dito Programa desenvolver Conhe\u00e7a o programa de financiamento e incentivo oferecido pela Prefeitura Municipal de Santa Rosa\/RS. Programa Juro Zero Conhe\u00e7a o programa de financiamento e incentivo oferecido &hellip;<\/p>\n<p class=\"read-more\"> <a class=\"\" href=\"https:\/\/saladoempreendedor.santarosa.rs.gov.br\/index.php\/credito\/\"> <span class=\"screen-reader-text\">Necessito de cr\u00e9dito<\/span> Leia mais &raquo;<\/a><\/p>\n","protected":false},"author":1,"featured_media":0,"parent":0,"menu_order":0,"comment_status":"closed","ping_status":"closed","template":"","meta":{"_uag_custom_page_level_css":"","site-sidebar-layout":"no-sidebar","site-content-layout":"page-builder","ast-main-header-display":"","ast-hfb-above-header-display":"","ast-hfb-mobile-header-display":"","site-post-title":"disabled","ast-breadcrumbs-content":"","ast-featured-img":"disabled","footer-sml-layout":"","theme-transparent-header-meta":"default","adv-header-id-meta":"","stick-header-meta":"","header-above-stick-meta":"","header-main-stick-meta":"","header-below-stick-meta":"","footnotes":""},"class_list":["post-25148","page","type-page","status-publish","hentry"],"uagb_featured_image_src":{"full":false,"thumbnail":false,"medium":false,"medium_large":false,"large":false,"1536x1536":false,"2048x2048":false,"woocommerce_thumbnail":false,"woocommerce_single":false,"woocommerce_gallery_thumbnail":false},"uagb_author_info":{"display_name":"admin","author_link":"https:\/\/saladoempreendedor.santarosa.rs.gov.br\/index.php\/author\/admin\/"},"uagb_comment_info":0,"uagb_excerpt":"Necessito de cr\u00e9dito Programa desenvolver Conhe\u00e7a o programa de financiamento e incentivo oferecido pela Prefeitura Municipal de Santa Rosa\/RS. Programa Juro Zero Conhe\u00e7a o programa de financiamento e incentivo oferecido &hellip; Necessito de cr\u00e9dito Leia mais &raquo;","_links":{"self":[{"href":"https:\/\/saladoempreendedor.santarosa.rs.gov.br\/index.php\/wp-json\/wp\/v2\/pages\/25148","targetHints":{"allow":["GET"]}}],"collection":[{"href":"https:\/\/saladoempreendedor.santarosa.rs.gov.br\/index.php\/wp-json\/wp\/v2\/pages"}],"about":[{"href":"https:\/\/saladoempreendedor.santarosa.rs.gov.br\/index.php\/wp-json\/wp\/v2\/types\/page"}],"author":[{"embeddable":true,"href":"https:\/\/saladoempreendedor.santarosa.rs.gov.br\/index.php\/wp-json\/wp\/v2\/users\/1"}],"replies":[{"embeddable":true,"href":"https:\/\/saladoempreendedor.santarosa.rs.gov.br\/index.php\/wp-json\/wp\/v2\/comments?post=25148"}],"version-history":[{"count":53,"href":"https:\/\/saladoempreendedor.santarosa.rs.gov.br\/index.php\/wp-json\/wp\/v2\/pages\/25148\/revisions"}],"predecessor-version":[{"id":26831,"href":"https:\/\/saladoempreendedor.santarosa.rs.gov.br\/index.php\/wp-json\/wp\/v2\/pages\/25148\/revisions\/26831"}],"wp:attachment":[{"href":"https:\/\/saladoempreendedor.santarosa.rs.gov.br\/index.php\/wp-json\/wp\/v2\/media?parent=25148"}],"curies":[{"name":"wp","href":"https:\/\/api.w.org\/{rel}","templated":true}]}}