{"id":26816,"date":"2022-02-03T13:57:30","date_gmt":"2022-02-03T16:57:30","guid":{"rendered":"https:\/\/saladoempreendedor.santarosa.rs.gov.br\/?page_id=26816"},"modified":"2022-02-03T14:06:32","modified_gmt":"2022-02-03T17:06:32","slug":"programa-juro-zero","status":"publish","type":"page","link":"https:\/\/saladoempreendedor.santarosa.rs.gov.br\/index.php\/programa-juro-zero\/","title":{"rendered":"Programa Juro Zero"},"content":{"rendered":"\t\t<div data-elementor-type=\"wp-page\" data-elementor-id=\"26816\" class=\"elementor elementor-26816\">\n\t\t\t\t<section class=\"elementor-section elementor-top-section elementor-element elementor-element-6fa358f5 elementor-section-boxed elementor-section-height-default elementor-section-height-default\" data-id=\"6fa358f5\" data-element_type=\"section\">\n\t\t\t\t\t\t<div class=\"elementor-container elementor-column-gap-default\">\n\t\t\t\t\t<div class=\"elementor-column elementor-col-100 elementor-top-column elementor-element elementor-element-2a0208b2\" data-id=\"2a0208b2\" data-element_type=\"column\">\n\t\t\t<div class=\"elementor-widget-wrap elementor-element-populated\">\n\t\t\t\t\t\t<div class=\"elementor-element elementor-element-21cfd164 elementor-widget elementor-widget-text-editor\" data-id=\"21cfd164\" data-element_type=\"widget\" data-widget_type=\"text-editor.default\">\n\t\t\t\t<div class=\"elementor-widget-container\">\n\t\t\t\t\t\t\t\t\t<p><\/p>\n<p>&nbsp;O programa Juro Zero RS. \u00e9 realizado pela Secretaria de Desenvolvimento Econ\u00f4mico (Sedec) em parceria com bancos de fomento e institui\u00e7\u00f5es parceiras, o Avan\u00e7ar no Desenvolvimento Econ\u00f4mico permite empr\u00e9stimos para microempreendedores individuais, microempresas e empresas de pequeno porte com juros subsidiados pelo Estado.<\/p>\n<p><\/p>\n<p><\/p>\n<p>Os limites de cr\u00e9dito ser\u00e3o de at\u00e9 R$ 10 mil para MEI; R$ 30 mil para microempresa, e R$ 100 mil para empresas de pequeno porte. Todos ter\u00e3o car\u00eancia de tr\u00eas meses e o prazo para amortiza\u00e7\u00e3o do microempreendedor individual \u00e9 de 12 meses, enquanto os outros dois ter\u00e3o 33 meses para quitar o financiamento.<\/p>\n<p><\/p>\n<p><\/p>\n<figure><img decoding=\"async\" src=\"https:\/\/saladoempreendedor.santarosa.rs.gov.br\/wp-content\/uploads\/2022\/02\/Valores-Juro-Zero.jpg\" alt=\"\"><\/figure>\n<figure><\/figure>\n<figure><\/figure>\n<p><\/p>\t\t\t\t\t\t\t\t<\/div>\n\t\t\t\t<\/div>\n\t\t\t\t\t<\/div>\n\t\t<\/div>\n\t\t\t\t\t<\/div>\n\t\t<\/section>\n\t\t\t\t<section class=\"elementor-section elementor-top-section elementor-element elementor-element-b2af835 elementor-section-boxed elementor-section-height-default elementor-section-height-default\" data-id=\"b2af835\" data-element_type=\"section\">\n\t\t\t\t\t\t<div class=\"elementor-container elementor-column-gap-default\">\n\t\t\t\t\t<div class=\"elementor-column elementor-col-100 elementor-top-column elementor-element elementor-element-d6b64a8\" data-id=\"d6b64a8\" data-element_type=\"column\">\n\t\t\t<div class=\"elementor-widget-wrap elementor-element-populated\">\n\t\t\t\t\t\t<div class=\"elementor-element elementor-element-7a746f4 elementor-widget elementor-widget-text-editor\" data-id=\"7a746f4\" data-element_type=\"widget\" data-widget_type=\"text-editor.default\">\n\t\t\t\t<div class=\"elementor-widget-container\">\n\t\t\t\t\t\t\t\t\t<p><span style=\"color: #333333; font-family: Arial, 'Helvetica Neue', Helvetica, sans-serif; font-style: inherit; font-weight: inherit; background-color: var(--ast-global-color-5);\">Para aderir ao programa de empr\u00e9stimo com juros subsidiados pelo governo do Estado junto ao Badesul, as empresas dever\u00e3o solicitar o financiamento pelo site&nbsp;<\/span><a href=\"http:\/\/www.badesul.com.br\" target=\"_blank\" rel=\"noopener\">www.badesul.com.br<\/a><span style=\"color: #333333; font-family: Arial, 'Helvetica Neue', Helvetica, sans-serif; font-style: inherit; font-weight: inherit; background-color: var(--ast-global-color-5);\">&nbsp;ou presencialmente nas ag\u00eancias do Sicredi. Pelo BRDE, os interessados poder\u00e3o solicitar por meio das cooperativas vinculadas aos sistemas Cresol, Sicredi, Sicoob e Unicred.<\/span><\/p>\n<p><span style=\"color: #333333; font-family: Arial, 'Helvetica Neue', Helvetica, sans-serif;\">Al\u00e9m da possibilidade de acesso ao cr\u00e9dito, os empreendedores que aderirem ao programa Juro Zero tamb\u00e9m ter\u00e3o a oportunidade de receber consultoria e treinamentos do Sebrae. A institui\u00e7\u00e3o oferecer\u00e1 acompanhamento aos empreendimentos com conte\u00fado e informa\u00e7\u00f5es estrat\u00e9gicas para a tomada de cr\u00e9dito consciente, com o objetivo de reduzir riscos de inadimpl\u00eancia e ampliar a sustentabilidade financeira dos neg\u00f3cios, al\u00e9m de aportar R$ 10 milh\u00f5es para viabilizar garantias atrav\u00e9s da Associa\u00e7\u00e3o Garantidora de Cr\u00e9dito, RS Garanti.<\/span><span style=\"color: #333333; font-family: Arial, 'Helvetica Neue', Helvetica, sans-serif; font-style: inherit; font-weight: inherit; background-color: var(--ast-global-color-5);\"><br><\/span><\/p>\n<p><span style=\"color: #333333; font-family: Arial, 'Helvetica Neue', Helvetica, sans-serif;\">Para acessar o credito, contate seu gerente de uma das seguintes intitui\u00e7\u00f5es e&nbsp;<\/span><span style=\"color: rgb(51, 51, 51); font-family: Arial, &quot;Helvetica Neue&quot;, Helvetica, sans-serif; background-color: var(--ast-global-color-5); font-size: 1rem;\">cooperativas vinculadas aos sistemas <b>Cresol, Sicredi, Sicoob e Unicred.<\/b><\/span><\/p>\t\t\t\t\t\t\t\t<\/div>\n\t\t\t\t<\/div>\n\t\t\t\t\t<\/div>\n\t\t<\/div>\n\t\t\t\t\t<\/div>\n\t\t<\/section>\n\t\t\t\t<section class=\"elementor-section elementor-top-section elementor-element elementor-element-0fc4ff4 elementor-section-boxed elementor-section-height-default elementor-section-height-default\" data-id=\"0fc4ff4\" data-element_type=\"section\">\n\t\t\t\t\t\t<div class=\"elementor-container elementor-column-gap-default\">\n\t\t\t\t\t<div class=\"elementor-column elementor-col-100 elementor-top-column elementor-element elementor-element-2d81100\" data-id=\"2d81100\" data-element_type=\"column\">\n\t\t\t<div class=\"elementor-widget-wrap elementor-element-populated\">\n\t\t\t\t\t\t<div class=\"elementor-element elementor-element-fefe11b elementor-widget elementor-widget-image\" data-id=\"fefe11b\" data-element_type=\"widget\" data-widget_type=\"image.default\">\n\t\t\t\t<div class=\"elementor-widget-container\">\n\t\t\t\t\t\t\t\t\t\t\t\t\t\t\t<img fetchpriority=\"high\" decoding=\"async\" width=\"390\" height=\"538\" src=\"https:\/\/saladoempreendedor.santarosa.rs.gov.br\/wp-content\/uploads\/2022\/02\/Juro-zero.jpg\" class=\"attachment-large size-large wp-image-26820\" alt=\"\" srcset=\"https:\/\/saladoempreendedor.santarosa.rs.gov.br\/wp-content\/uploads\/2022\/02\/Juro-zero.jpg 390w, https:\/\/saladoempreendedor.santarosa.rs.gov.br\/wp-content\/uploads\/2022\/02\/Juro-zero-217x300.jpg 217w\" sizes=\"(max-width: 390px) 100vw, 390px\" \/>\t\t\t\t\t\t\t\t\t\t\t\t\t\t\t<\/div>\n\t\t\t\t<\/div>\n\t\t\t\t\t<\/div>\n\t\t<\/div>\n\t\t\t\t\t<\/div>\n\t\t<\/section>\t\t<\/div>\n\t\t","protected":false},"excerpt":{"rendered":"<p>&nbsp;O programa Juro Zero RS. \u00e9 realizado pela Secretaria de Desenvolvimento Econ\u00f4mico (Sedec) em parceria com bancos de fomento e institui\u00e7\u00f5es parceiras, o Avan\u00e7ar no Desenvolvimento Econ\u00f4mico permite empr\u00e9stimos para &hellip;<\/p>\n<p class=\"read-more\"> <a class=\"\" href=\"https:\/\/saladoempreendedor.santarosa.rs.gov.br\/index.php\/programa-juro-zero\/\"> <span class=\"screen-reader-text\">Programa Juro Zero<\/span> Leia mais &raquo;<\/a><\/p>\n","protected":false},"author":3,"featured_media":0,"parent":0,"menu_order":0,"comment_status":"closed","ping_status":"closed","template":"","meta":{"_uag_custom_page_level_css":"","site-sidebar-layout":"","site-content-layout":"","ast-main-header-display":"","ast-hfb-above-header-display":"","ast-hfb-mobile-header-display":"","site-post-title":"","ast-breadcrumbs-content":"","ast-featured-img":"","footer-sml-layout":"","theme-transparent-header-meta":"","adv-header-id-meta":"","stick-header-meta":"","header-above-stick-meta":"","header-main-stick-meta":"","header-below-stick-meta":"","footnotes":""},"class_list":["post-26816","page","type-page","status-publish","hentry"],"uagb_featured_image_src":{"full":false,"thumbnail":false,"medium":false,"medium_large":false,"large":false,"1536x1536":false,"2048x2048":false,"woocommerce_thumbnail":false,"woocommerce_single":false,"woocommerce_gallery_thumbnail":false},"uagb_author_info":{"display_name":"Euclides Spies","author_link":"https:\/\/saladoempreendedor.santarosa.rs.gov.br\/index.php\/author\/euclidesspies\/"},"uagb_comment_info":0,"uagb_excerpt":"&nbsp;O programa Juro Zero RS. \u00e9 realizado pela Secretaria de Desenvolvimento Econ\u00f4mico (Sedec) em parceria com bancos de fomento e institui\u00e7\u00f5es parceiras, o Avan\u00e7ar no Desenvolvimento Econ\u00f4mico permite empr\u00e9stimos para &hellip; Programa Juro Zero Leia mais &raquo;","_links":{"self":[{"href":"https:\/\/saladoempreendedor.santarosa.rs.gov.br\/index.php\/wp-json\/wp\/v2\/pages\/26816","targetHints":{"allow":["GET"]}}],"collection":[{"href":"https:\/\/saladoempreendedor.santarosa.rs.gov.br\/index.php\/wp-json\/wp\/v2\/pages"}],"about":[{"href":"https:\/\/saladoempreendedor.santarosa.rs.gov.br\/index.php\/wp-json\/wp\/v2\/types\/page"}],"author":[{"embeddable":true,"href":"https:\/\/saladoempreendedor.santarosa.rs.gov.br\/index.php\/wp-json\/wp\/v2\/users\/3"}],"replies":[{"embeddable":true,"href":"https:\/\/saladoempreendedor.santarosa.rs.gov.br\/index.php\/wp-json\/wp\/v2\/comments?post=26816"}],"version-history":[{"count":5,"href":"https:\/\/saladoempreendedor.santarosa.rs.gov.br\/index.php\/wp-json\/wp\/v2\/pages\/26816\/revisions"}],"predecessor-version":[{"id":26824,"href":"https:\/\/saladoempreendedor.santarosa.rs.gov.br\/index.php\/wp-json\/wp\/v2\/pages\/26816\/revisions\/26824"}],"wp:attachment":[{"href":"https:\/\/saladoempreendedor.santarosa.rs.gov.br\/index.php\/wp-json\/wp\/v2\/media?parent=26816"}],"curies":[{"name":"wp","href":"https:\/\/api.w.org\/{rel}","templated":true}]}}