{"id":26861,"date":"2022-03-28T16:48:27","date_gmt":"2022-03-28T19:48:27","guid":{"rendered":"https:\/\/saladoempreendedor.santarosa.rs.gov.br\/?page_id=26861"},"modified":"2022-04-14T17:03:39","modified_gmt":"2022-04-14T20:03:39","slug":"solicitacao-auxilio","status":"publish","type":"page","link":"https:\/\/saladoempreendedor.santarosa.rs.gov.br\/index.php\/ja-sou-formalizado\/solicitacao-auxilio\/","title":{"rendered":"Solicita\u00e7\u00e3o de aux\u00edlio\/apoio administrativo, cont\u00e1bil ou jur\u00eddico"},"content":{"rendered":"\t\t<div data-elementor-type=\"wp-page\" data-elementor-id=\"26861\" class=\"elementor elementor-26861\">\n\t\t\t\t\t\t<section class=\"elementor-section elementor-top-section elementor-element elementor-element-8f4bb2c elementor-section-boxed elementor-section-height-default elementor-section-height-default\" data-id=\"8f4bb2c\" data-element_type=\"section\">\n\t\t\t\t\t\t<div class=\"elementor-container elementor-column-gap-default\">\n\t\t\t\t\t<div class=\"elementor-column elementor-col-100 elementor-top-column elementor-element elementor-element-52fada6\" data-id=\"52fada6\" data-element_type=\"column\">\n\t\t\t<div class=\"elementor-widget-wrap elementor-element-populated\">\n\t\t\t\t\t\t<div class=\"elementor-element elementor-element-8425789 elementor-widget elementor-widget-spacer\" data-id=\"8425789\" data-element_type=\"widget\" data-widget_type=\"spacer.default\">\n\t\t\t\t<div class=\"elementor-widget-container\">\n\t\t\t\t\t\t\t<div class=\"elementor-spacer\">\n\t\t\t<div class=\"elementor-spacer-inner\"><\/div>\n\t\t<\/div>\n\t\t\t\t\t\t<\/div>\n\t\t\t\t<\/div>\n\t\t\t\t<div class=\"elementor-element elementor-element-4dd9717 elementor-widget elementor-widget-heading\" data-id=\"4dd9717\" data-element_type=\"widget\" data-widget_type=\"heading.default\">\n\t\t\t\t<div class=\"elementor-widget-container\">\n\t\t\t\t\t<h2 class=\"elementor-heading-title elementor-size-default\">Solicita\u00e7\u00e3o de aux\u00edlio\/apoio administrativo, cont\u00e1bil ou jur\u00eddico<\/h2>\t\t\t\t<\/div>\n\t\t\t\t<\/div>\n\t\t\t\t<div class=\"elementor-element elementor-element-5f721d2 elementor-widget elementor-widget-text-editor\" data-id=\"5f721d2\" data-element_type=\"widget\" data-widget_type=\"text-editor.default\">\n\t\t\t\t<div class=\"elementor-widget-container\">\n\t\t\t\t\t\t\t\t\t<p>Formul\u00e1rio destinado para os empreendedores do munic\u00edpio de Santa Rosa que estejam com alguma necessidade de aux\u00edlio no gerenciamento administrativo, cont\u00e1bil ou jur\u00eddico extrajudicial do seu neg\u00f3cio. Este servi\u00e7o \u00e9 destinado para MEIs e MEs com faturamento de at\u00e9 R$ 150.000,00\/ano (Cento e Cinquenta Mil Reais)<br>Esta \u00e9 uma oportunidade de obter um auxilio acad\u00eamico para melhorar seu neg\u00f3cio.<\/p>\n<p>Preencha o formul\u00e1rio com as informa\u00e7\u00f5es, e aguarde o contato da equipe.<\/p>\t\t\t\t\t\t\t\t<\/div>\n\t\t\t\t<\/div>\n\t\t\t\t<div class=\"elementor-element elementor-element-9ec4188 elementor-widget elementor-widget-wp-widget-wpforms-widget\" data-id=\"9ec4188\" data-element_type=\"widget\" data-widget_type=\"wp-widget-wpforms-widget.default\">\n\t\t\t\t<div class=\"elementor-widget-container\">\n\t\t\t\t\t<div class=\"wpforms-container wpforms-container-full\" id=\"wpforms-26863\"><form id=\"wpforms-form-26863\" class=\"wpforms-validate wpforms-form\" data-formid=\"26863\" method=\"post\" enctype=\"multipart\/form-data\" action=\"\/index.php\/wp-json\/wp\/v2\/pages\/26861\" data-token=\"a2d18326e49d01b5f18c91162b72b6b1\" data-token-time=\"1777222428\"><noscript class=\"wpforms-error-noscript\">Ative o JavaScript no seu navegador para preencher este formul\u00e1rio.<\/noscript><div class=\"wpforms-field-container\"><div id=\"wpforms-26863-field_1-container\" class=\"wpforms-field wpforms-field-text\" data-field-id=\"1\"><label class=\"wpforms-field-label\" for=\"wpforms-26863-field_1\">Raz\u00e3o social da empresa: <span class=\"wpforms-required-label\">*<\/span><\/label><input type=\"text\" id=\"wpforms-26863-field_1\" class=\"wpforms-field-medium wpforms-field-required\" name=\"wpforms[fields][1]\" required><\/div><div id=\"wpforms-26863-field_2-container\" class=\"wpforms-field wpforms-field-text\" data-field-id=\"2\"><label class=\"wpforms-field-label\" for=\"wpforms-26863-field_2\">Nome fantasia da empresa: <span class=\"wpforms-required-label\">*<\/span><\/label><input type=\"text\" id=\"wpforms-26863-field_2\" class=\"wpforms-field-medium wpforms-field-required\" name=\"wpforms[fields][2]\" required><\/div><div id=\"wpforms-26863-field_3-container\" class=\"wpforms-field wpforms-field-select wpforms-field-select-style-classic\" data-field-id=\"3\"><label class=\"wpforms-field-label\" for=\"wpforms-26863-field_3\">Tipo de empresa (Enquadramento): <span class=\"wpforms-required-label\">*<\/span><\/label><select id=\"wpforms-26863-field_3\" class=\"wpforms-field-medium wpforms-field-required\" name=\"wpforms[fields][3]\" required=\"required\"><option value=\"Individual\" >Individual<\/option><option value=\"MEI\" >MEI<\/option><option value=\"Sociedade limitada - ME\" >Sociedade limitada - ME<\/option><option value=\"EPP\" >EPP<\/option><\/select><\/div><div id=\"wpforms-26863-field_4-container\" class=\"wpforms-field wpforms-field-textarea\" data-field-id=\"4\"><label class=\"wpforms-field-label\" for=\"wpforms-26863-field_4\">Nome do(s) s\u00f3cio(s): <span class=\"wpforms-required-label\">*<\/span><\/label><textarea id=\"wpforms-26863-field_4\" class=\"wpforms-field-small wpforms-field-required\" name=\"wpforms[fields][4]\" required><\/textarea><div class=\"wpforms-field-description\">ghjgjhg<\/div><\/div><div id=\"wpforms-26863-field_6-container\" class=\"wpforms-field wpforms-field-text\" data-field-id=\"6\"><label class=\"wpforms-field-label\" for=\"wpforms-26863-field_6\">CNPJ: <span class=\"wpforms-required-label\">*<\/span><\/label><input type=\"text\" id=\"wpforms-26863-field_6\" class=\"wpforms-field-small wpforms-field-required wpforms-masked-input wpforms-limit-characters-enabled\" data-rule-inputmask-incomplete=\"1\" data-inputmask-mask=\"&amp;&amp;.&amp;&amp;&amp;.&amp;&amp;&amp;\/&amp;&amp;&amp;&amp;-&amp;&amp;\" data-form-id=\"26863\" data-field-id=\"6\" data-text-limit=\"18\" name=\"wpforms[fields][6]\" maxlength=\"18\" required><\/div><div id=\"wpforms-26863-field_7-container\" class=\"wpforms-field wpforms-field-textarea\" data-field-id=\"7\"><label class=\"wpforms-field-label\" for=\"wpforms-26863-field_7\">Endere\u00e7o: <span class=\"wpforms-required-label\">*<\/span><\/label><textarea id=\"wpforms-26863-field_7\" class=\"wpforms-field-medium wpforms-field-required\" name=\"wpforms[fields][7]\" required><\/textarea><\/div><div id=\"wpforms-26863-field_8-container\" class=\"wpforms-field wpforms-field-text\" data-field-id=\"8\"><label class=\"wpforms-field-label\" for=\"wpforms-26863-field_8\">Ramo de atividade: <span class=\"wpforms-required-label\">*<\/span><\/label><input type=\"text\" id=\"wpforms-26863-field_8\" class=\"wpforms-field-medium wpforms-field-required\" name=\"wpforms[fields][8]\" required><\/div><div id=\"wpforms-26863-field_9-container\" class=\"wpforms-field wpforms-field-text\" data-field-id=\"9\"><label class=\"wpforms-field-label\" for=\"wpforms-26863-field_9\">Faturamento bruto declarado no \u00faltimo ano: <span class=\"wpforms-required-label\">*<\/span><\/label><input type=\"text\" id=\"wpforms-26863-field_9\" class=\"wpforms-field-small wpforms-field-required\" name=\"wpforms[fields][9]\" required><div class=\"wpforms-field-description\">OBS: \u00c9 importante sabermos o faturamento para ver se ele se enquadra na faixa de empres\u00e1rios que o projeto vai atender.<\/div><\/div><div id=\"wpforms-26863-field_11-container\" class=\"wpforms-field wpforms-field-text\" data-field-id=\"11\"><label class=\"wpforms-field-label\" for=\"wpforms-26863-field_11\">E-mail: <span class=\"wpforms-required-label\">*<\/span><\/label><input type=\"text\" id=\"wpforms-26863-field_11\" class=\"wpforms-field-small wpforms-field-required wpforms-masked-input\" data-rule-inputmask-incomplete=\"1\" data-inputmask-alias=\"email\" name=\"wpforms[fields][11]\" required><\/div><div id=\"wpforms-26863-field_10-container\" class=\"wpforms-field wpforms-field-text\" data-field-id=\"10\"><label class=\"wpforms-field-label\" for=\"wpforms-26863-field_10\">Telefone: <span class=\"wpforms-required-label\">*<\/span><\/label><input type=\"text\" id=\"wpforms-26863-field_10\" class=\"wpforms-field-small wpforms-field-required wpforms-masked-input\" data-rule-inputmask-incomplete=\"1\" data-inputmask-mask=\"(99)-99999-9999\" name=\"wpforms[fields][10]\" required><\/div><div id=\"wpforms-26863-field_12-container\" class=\"wpforms-field wpforms-field-textarea\" data-field-id=\"12\"><label class=\"wpforms-field-label\" for=\"wpforms-26863-field_12\">Descri\u00e7\u00e3o da sua dificuldade: <span class=\"wpforms-required-label\">*<\/span><\/label><textarea id=\"wpforms-26863-field_12\" class=\"wpforms-field-large wpforms-field-required\" name=\"wpforms[fields][12]\" required><\/textarea><div class=\"wpforms-field-description\">Fa\u00e7a uma relato breve sobre o problema para o qual deseja receber apoio.<\/div><\/div><\/div><!-- .wpforms-field-container --><div class=\"wpforms-submit-container\" ><input type=\"hidden\" name=\"wpforms[id]\" value=\"26863\"><input type=\"hidden\" name=\"page_title\" value=\"\"><input type=\"hidden\" name=\"page_url\" value=\"https:\/\/saladoempreendedor.santarosa.rs.gov.br\/index.php\/wp-json\/wp\/v2\/pages\/26861\"><input type=\"hidden\" name=\"url_referer\" value=\"\"><button type=\"submit\" name=\"wpforms[submit]\" id=\"wpforms-submit-26863\" class=\"wpforms-submit\" data-alt-text=\"Enviando...\" data-submit-text=\"Enviar\" aria-live=\"assertive\" value=\"wpforms-submit\">Enviar<\/button><\/div><\/form><\/div>  <!-- .wpforms-container -->\t\t\t\t<\/div>\n\t\t\t\t<\/div>\n\t\t\t\t\t<\/div>\n\t\t<\/div>\n\t\t\t\t\t<\/div>\n\t\t<\/section>\n\t\t\t\t<section class=\"elementor-section elementor-top-section elementor-element elementor-element-9c544c9 elementor-section-boxed elementor-section-height-default elementor-section-height-default\" data-id=\"9c544c9\" data-element_type=\"section\">\n\t\t\t\t\t\t<div class=\"elementor-container elementor-column-gap-default\">\n\t\t\t\t\t<div class=\"elementor-column elementor-col-100 elementor-top-column elementor-element elementor-element-dd7142f\" data-id=\"dd7142f\" data-element_type=\"column\">\n\t\t\t<div class=\"elementor-widget-wrap elementor-element-populated\">\n\t\t\t\t\t\t<div class=\"elementor-element elementor-element-5200cc2 elementor-widget elementor-widget-image\" data-id=\"5200cc2\" data-element_type=\"widget\" data-widget_type=\"image.default\">\n\t\t\t\t<div class=\"elementor-widget-container\">\n\t\t\t\t\t\t\t\t\t\t\t\t\t\t\t<img fetchpriority=\"high\" decoding=\"async\" width=\"300\" height=\"263\" src=\"https:\/\/saladoempreendedor.santarosa.rs.gov.br\/wp-content\/uploads\/2022\/04\/SELO-Extensao-FEMA-01-1-300x263.png\" class=\"attachment-medium size-medium wp-image-26943\" alt=\"\" srcset=\"https:\/\/saladoempreendedor.santarosa.rs.gov.br\/wp-content\/uploads\/2022\/04\/SELO-Extensao-FEMA-01-1-300x263.png 300w, https:\/\/saladoempreendedor.santarosa.rs.gov.br\/wp-content\/uploads\/2022\/04\/SELO-Extensao-FEMA-01-1-1024x899.png 1024w, https:\/\/saladoempreendedor.santarosa.rs.gov.br\/wp-content\/uploads\/2022\/04\/SELO-Extensao-FEMA-01-1-768x674.png 768w, https:\/\/saladoempreendedor.santarosa.rs.gov.br\/wp-content\/uploads\/2022\/04\/SELO-Extensao-FEMA-01-1-600x527.png 600w, https:\/\/saladoempreendedor.santarosa.rs.gov.br\/wp-content\/uploads\/2022\/04\/SELO-Extensao-FEMA-01-1.png 1358w\" sizes=\"(max-width: 300px) 100vw, 300px\" \/>\t\t\t\t\t\t\t\t\t\t\t\t\t\t\t<\/div>\n\t\t\t\t<\/div>\n\t\t\t\t\t<\/div>\n\t\t<\/div>\n\t\t\t\t\t<\/div>\n\t\t<\/section>\n\t\t\t\t<\/div>\n\t\t","protected":false},"excerpt":{"rendered":"<p>Solicita\u00e7\u00e3o de aux\u00edlio\/apoio administrativo, cont\u00e1bil ou jur\u00eddico Formul\u00e1rio destinado para os empreendedores do munic\u00edpio de Santa Rosa que estejam com alguma necessidade de aux\u00edlio no gerenciamento administrativo, cont\u00e1bil ou jur\u00eddico &hellip;<\/p>\n<p class=\"read-more\"> <a class=\"\" href=\"https:\/\/saladoempreendedor.santarosa.rs.gov.br\/index.php\/ja-sou-formalizado\/solicitacao-auxilio\/\"> <span class=\"screen-reader-text\">Solicita\u00e7\u00e3o de aux\u00edlio\/apoio administrativo, cont\u00e1bil ou jur\u00eddico<\/span> Leia mais &raquo;<\/a><\/p>\n","protected":false},"author":1,"featured_media":0,"parent":25161,"menu_order":4,"comment_status":"closed","ping_status":"closed","template":"","meta":{"_uag_custom_page_level_css":"","site-sidebar-layout":"no-sidebar","site-content-layout":"page-builder","ast-main-header-display":"","ast-hfb-above-header-display":"","ast-hfb-mobile-header-display":"","site-post-title":"disabled","ast-breadcrumbs-content":"","ast-featured-img":"disabled","footer-sml-layout":"","theme-transparent-header-meta":"","adv-header-id-meta":null,"stick-header-meta":null,"header-above-stick-meta":null,"header-main-stick-meta":null,"header-below-stick-meta":null,"footnotes":""},"class_list":["post-26861","page","type-page","status-publish","hentry"],"uagb_featured_image_src":{"full":false,"thumbnail":false,"medium":false,"medium_large":false,"large":false,"1536x1536":false,"2048x2048":false,"woocommerce_thumbnail":false,"woocommerce_single":false,"woocommerce_gallery_thumbnail":false},"uagb_author_info":{"display_name":"admin","author_link":"https:\/\/saladoempreendedor.santarosa.rs.gov.br\/index.php\/author\/admin\/"},"uagb_comment_info":0,"uagb_excerpt":"Solicita\u00e7\u00e3o de aux\u00edlio\/apoio administrativo, cont\u00e1bil ou jur\u00eddico Formul\u00e1rio destinado para os empreendedores do munic\u00edpio de Santa Rosa que estejam com alguma necessidade de aux\u00edlio no gerenciamento administrativo, cont\u00e1bil ou jur\u00eddico &hellip; Solicita\u00e7\u00e3o de aux\u00edlio\/apoio administrativo, cont\u00e1bil ou jur\u00eddico Leia mais &raquo;","_links":{"self":[{"href":"https:\/\/saladoempreendedor.santarosa.rs.gov.br\/index.php\/wp-json\/wp\/v2\/pages\/26861","targetHints":{"allow":["GET"]}}],"collection":[{"href":"https:\/\/saladoempreendedor.santarosa.rs.gov.br\/index.php\/wp-json\/wp\/v2\/pages"}],"about":[{"href":"https:\/\/saladoempreendedor.santarosa.rs.gov.br\/index.php\/wp-json\/wp\/v2\/types\/page"}],"author":[{"embeddable":true,"href":"https:\/\/saladoempreendedor.santarosa.rs.gov.br\/index.php\/wp-json\/wp\/v2\/users\/1"}],"replies":[{"embeddable":true,"href":"https:\/\/saladoempreendedor.santarosa.rs.gov.br\/index.php\/wp-json\/wp\/v2\/comments?post=26861"}],"version-history":[{"count":49,"href":"https:\/\/saladoempreendedor.santarosa.rs.gov.br\/index.php\/wp-json\/wp\/v2\/pages\/26861\/revisions"}],"predecessor-version":[{"id":26951,"href":"https:\/\/saladoempreendedor.santarosa.rs.gov.br\/index.php\/wp-json\/wp\/v2\/pages\/26861\/revisions\/26951"}],"up":[{"embeddable":true,"href":"https:\/\/saladoempreendedor.santarosa.rs.gov.br\/index.php\/wp-json\/wp\/v2\/pages\/25161"}],"wp:attachment":[{"href":"https:\/\/saladoempreendedor.santarosa.rs.gov.br\/index.php\/wp-json\/wp\/v2\/media?parent=26861"}],"curies":[{"name":"wp","href":"https:\/\/api.w.org\/{rel}","templated":true}]}}