{"id":27680,"date":"2023-09-08T14:44:57","date_gmt":"2023-09-08T17:44:57","guid":{"rendered":"https:\/\/saladoempreendedor.santarosa.rs.gov.br\/?page_id=27680"},"modified":"2023-09-08T14:52:32","modified_gmt":"2023-09-08T17:52:32","slug":"incentivo-instalacao-empreendimentos","status":"publish","type":"page","link":"https:\/\/saladoempreendedor.santarosa.rs.gov.br\/index.php\/principais-incentivos\/incentivo-instalacao-empreendimentos\/","title":{"rendered":"Pol\u00edtica de Incentivo para Instala\u00e7\u00e3o de Empreendimentos"},"content":{"rendered":"\t\t<div data-elementor-type=\"wp-page\" data-elementor-id=\"27680\" class=\"elementor elementor-27680\">\n\t\t\t\t\t\t<section class=\"elementor-section elementor-top-section elementor-element elementor-element-37ae092 elementor-section-boxed elementor-section-height-default elementor-section-height-default\" data-id=\"37ae092\" data-element_type=\"section\">\n\t\t\t\t\t\t<div class=\"elementor-container elementor-column-gap-default\">\n\t\t\t\t\t<div class=\"elementor-column elementor-col-100 elementor-top-column elementor-element elementor-element-e555b82\" data-id=\"e555b82\" data-element_type=\"column\">\n\t\t\t<div class=\"elementor-widget-wrap elementor-element-populated\">\n\t\t\t\t\t\t<div class=\"elementor-element elementor-element-967926d elementor-widget elementor-widget-spacer\" data-id=\"967926d\" data-element_type=\"widget\" data-widget_type=\"spacer.default\">\n\t\t\t\t<div class=\"elementor-widget-container\">\n\t\t\t\t\t\t\t<div class=\"elementor-spacer\">\n\t\t\t<div class=\"elementor-spacer-inner\"><\/div>\n\t\t<\/div>\n\t\t\t\t\t\t<\/div>\n\t\t\t\t<\/div>\n\t\t\t\t<div class=\"elementor-element elementor-element-5d45a0e elementor-widget elementor-widget-heading\" data-id=\"5d45a0e\" data-element_type=\"widget\" data-widget_type=\"heading.default\">\n\t\t\t\t<div class=\"elementor-widget-container\">\n\t\t\t\t\t<h2 class=\"elementor-heading-title elementor-size-default\">Pol\u00edtica de Incentivo para Instala\u00e7\u00e3o de Empreendimentos<\/h2>\t\t\t\t<\/div>\n\t\t\t\t<\/div>\n\t\t\t\t\t<\/div>\n\t\t<\/div>\n\t\t\t\t\t<\/div>\n\t\t<\/section>\n\t\t\t\t<section class=\"elementor-section elementor-top-section elementor-element elementor-element-c3231e5 elementor-section-boxed elementor-section-height-default elementor-section-height-default\" data-id=\"c3231e5\" data-element_type=\"section\">\n\t\t\t\t\t\t<div class=\"elementor-container elementor-column-gap-default\">\n\t\t\t\t\t<div class=\"elementor-column elementor-col-100 elementor-top-column elementor-element elementor-element-e4efbab\" data-id=\"e4efbab\" data-element_type=\"column\">\n\t\t\t<div class=\"elementor-widget-wrap elementor-element-populated\">\n\t\t\t\t\t\t<div class=\"elementor-element elementor-element-cb5a305 elementor-widget elementor-widget-heading\" data-id=\"cb5a305\" data-element_type=\"widget\" data-widget_type=\"heading.default\">\n\t\t\t\t<div class=\"elementor-widget-container\">\n\t\t\t\t\t<h3 class=\"elementor-heading-title elementor-size-default\">Sobre o servi\u00e7o<\/h3>\t\t\t\t<\/div>\n\t\t\t\t<\/div>\n\t\t\t\t\t<\/div>\n\t\t<\/div>\n\t\t\t\t\t<\/div>\n\t\t<\/section>\n\t\t\t\t<section class=\"elementor-section elementor-top-section elementor-element elementor-element-9c2d006 elementor-section-boxed elementor-section-height-default elementor-section-height-default\" data-id=\"9c2d006\" data-element_type=\"section\">\n\t\t\t\t\t\t<div class=\"elementor-container elementor-column-gap-default\">\n\t\t\t\t\t<div class=\"elementor-column elementor-col-100 elementor-top-column elementor-element elementor-element-c276ef5\" data-id=\"c276ef5\" data-element_type=\"column\">\n\t\t\t<div class=\"elementor-widget-wrap elementor-element-populated\">\n\t\t\t\t\t\t<div class=\"elementor-element elementor-element-c290e62 elementor-widget elementor-widget-heading\" data-id=\"c290e62\" data-element_type=\"widget\" data-widget_type=\"heading.default\">\n\t\t\t\t<div class=\"elementor-widget-container\">\n\t\t\t\t\t<h4 class=\"elementor-heading-title elementor-size-default\">O Munic\u00edpio poder\u00e1 conceder os seguintes incentivos:<\/h4>\t\t\t\t<\/div>\n\t\t\t\t<\/div>\n\t\t\t\t<div class=\"elementor-element elementor-element-2266e68 elementor-widget elementor-widget-text-editor\" data-id=\"2266e68\" data-element_type=\"widget\" data-widget_type=\"text-editor.default\">\n\t\t\t\t<div class=\"elementor-widget-container\">\n\t\t\t\t\t\t\t\t\t<ul><li>Concess\u00e3o de \u00e1reas para implanta\u00e7\u00e3o e\/ou amplia\u00e7\u00e3o de ind\u00fastrias;<\/li><li>Isen\u00e7\u00e3o de tributos municipais;<\/li><li>Infraestrutura e servi\u00e7os, como terraplanagem, redes tronco de \u00e1gua e de energia el\u00e9trica, ilumina\u00e7\u00e3o p\u00fablica e pavimenta\u00e7\u00e3o de ruas;<\/li><li>Programas de qualifica\u00e7\u00e3o profissional promovidos pelo Poder Executivo e\/ou em parcerias com outras institui\u00e7\u00f5es;<\/li><li>Incentivo e apoio \u00e0 realiza\u00e7\u00e3o de feiras, eventos, campanhas de promo\u00e7\u00e3o e\/ou divulga\u00e7\u00e3o de atividades em parceria com os empreendedores, institui\u00e7\u00f5es p\u00fablicas e privadas e a imprensa local.<\/li><\/ul>\t\t\t\t\t\t\t\t<\/div>\n\t\t\t\t<\/div>\n\t\t\t\t\t<\/div>\n\t\t<\/div>\n\t\t\t\t\t<\/div>\n\t\t<\/section>\n\t\t\t\t<section class=\"elementor-section elementor-top-section elementor-element elementor-element-1641160 elementor-section-boxed elementor-section-height-default elementor-section-height-default\" data-id=\"1641160\" data-element_type=\"section\">\n\t\t\t\t\t\t<div class=\"elementor-container elementor-column-gap-default\">\n\t\t\t\t\t<div class=\"elementor-column elementor-col-100 elementor-top-column elementor-element elementor-element-7c7f694\" data-id=\"7c7f694\" data-element_type=\"column\">\n\t\t\t<div class=\"elementor-widget-wrap elementor-element-populated\">\n\t\t\t\t\t\t<div class=\"elementor-element elementor-element-cf90774 elementor-widget elementor-widget-spacer\" data-id=\"cf90774\" data-element_type=\"widget\" data-widget_type=\"spacer.default\">\n\t\t\t\t<div class=\"elementor-widget-container\">\n\t\t\t\t\t\t\t<div class=\"elementor-spacer\">\n\t\t\t<div class=\"elementor-spacer-inner\"><\/div>\n\t\t<\/div>\n\t\t\t\t\t\t<\/div>\n\t\t\t\t<\/div>\n\t\t\t\t\t<\/div>\n\t\t<\/div>\n\t\t\t\t\t<\/div>\n\t\t<\/section>\n\t\t\t\t<\/div>\n\t\t","protected":false},"excerpt":{"rendered":"<p>Pol\u00edtica de Incentivo para Instala\u00e7\u00e3o de Empreendimentos Sobre o servi\u00e7o O Munic\u00edpio poder\u00e1 conceder os seguintes incentivos: Concess\u00e3o de \u00e1reas para implanta\u00e7\u00e3o e\/ou amplia\u00e7\u00e3o de ind\u00fastrias; Isen\u00e7\u00e3o de tributos municipais; &hellip;<\/p>\n<p class=\"read-more\"> <a class=\"\" href=\"https:\/\/saladoempreendedor.santarosa.rs.gov.br\/index.php\/principais-incentivos\/incentivo-instalacao-empreendimentos\/\"> <span class=\"screen-reader-text\">Pol\u00edtica de Incentivo para Instala\u00e7\u00e3o de Empreendimentos<\/span> Leia mais &raquo;<\/a><\/p>\n","protected":false},"author":1,"featured_media":0,"parent":27592,"menu_order":0,"comment_status":"closed","ping_status":"closed","template":"","meta":{"_uag_custom_page_level_css":"","site-sidebar-layout":"no-sidebar","site-content-layout":"page-builder","ast-main-header-display":"","ast-hfb-above-header-display":"","ast-hfb-mobile-header-display":"","site-post-title":"disabled","ast-breadcrumbs-content":"","ast-featured-img":"disabled","footer-sml-layout":"","theme-transparent-header-meta":"default","adv-header-id-meta":null,"stick-header-meta":null,"header-above-stick-meta":null,"header-main-stick-meta":null,"header-below-stick-meta":null,"footnotes":""},"class_list":["post-27680","page","type-page","status-publish","hentry"],"uagb_featured_image_src":{"full":false,"thumbnail":false,"medium":false,"medium_large":false,"large":false,"1536x1536":false,"2048x2048":false,"woocommerce_thumbnail":false,"woocommerce_single":false,"woocommerce_gallery_thumbnail":false},"uagb_author_info":{"display_name":"admin","author_link":"https:\/\/saladoempreendedor.santarosa.rs.gov.br\/index.php\/author\/admin\/"},"uagb_comment_info":0,"uagb_excerpt":"Pol\u00edtica de Incentivo para Instala\u00e7\u00e3o de Empreendimentos Sobre o servi\u00e7o O Munic\u00edpio poder\u00e1 conceder os seguintes incentivos: Concess\u00e3o de \u00e1reas para implanta\u00e7\u00e3o e\/ou amplia\u00e7\u00e3o de ind\u00fastrias; Isen\u00e7\u00e3o de tributos municipais; &hellip; Pol\u00edtica de Incentivo para Instala\u00e7\u00e3o de Empreendimentos Leia mais &raquo;","_links":{"self":[{"href":"https:\/\/saladoempreendedor.santarosa.rs.gov.br\/index.php\/wp-json\/wp\/v2\/pages\/27680","targetHints":{"allow":["GET"]}}],"collection":[{"href":"https:\/\/saladoempreendedor.santarosa.rs.gov.br\/index.php\/wp-json\/wp\/v2\/pages"}],"about":[{"href":"https:\/\/saladoempreendedor.santarosa.rs.gov.br\/index.php\/wp-json\/wp\/v2\/types\/page"}],"author":[{"embeddable":true,"href":"https:\/\/saladoempreendedor.santarosa.rs.gov.br\/index.php\/wp-json\/wp\/v2\/users\/1"}],"replies":[{"embeddable":true,"href":"https:\/\/saladoempreendedor.santarosa.rs.gov.br\/index.php\/wp-json\/wp\/v2\/comments?post=27680"}],"version-history":[{"count":7,"href":"https:\/\/saladoempreendedor.santarosa.rs.gov.br\/index.php\/wp-json\/wp\/v2\/pages\/27680\/revisions"}],"predecessor-version":[{"id":27693,"href":"https:\/\/saladoempreendedor.santarosa.rs.gov.br\/index.php\/wp-json\/wp\/v2\/pages\/27680\/revisions\/27693"}],"up":[{"embeddable":true,"href":"https:\/\/saladoempreendedor.santarosa.rs.gov.br\/index.php\/wp-json\/wp\/v2\/pages\/27592"}],"wp:attachment":[{"href":"https:\/\/saladoempreendedor.santarosa.rs.gov.br\/index.php\/wp-json\/wp\/v2\/media?parent=27680"}],"curies":[{"name":"wp","href":"https:\/\/api.w.org\/{rel}","templated":true}]}}